{"id":40,"date":"2024-05-25T20:23:59","date_gmt":"2024-05-25T20:23:59","guid":{"rendered":"https:\/\/astrak.agency\/conditions-generales-dutilisation\/"},"modified":"2026-04-01T18:26:21","modified_gmt":"2026-04-01T18:26:21","slug":"terms-of-use","status":"publish","type":"page","link":"https:\/\/astrak.agency\/en\/conditions-generales-dutilisation\/","title":{"rendered":"Terms of Service"},"content":{"rendered":"<div data-elementor-type=\"wp-page\" data-elementor-id=\"40\" class=\"elementor elementor-40\" data-elementor-post-type=\"page\">\n\t\t\t\t<div class=\"elementor-element elementor-element-6d4d927f e-flex e-con-boxed e-con e-parent\" data-id=\"6d4d927f\" data-element_type=\"container\" data-settings=\"{&quot;jet_parallax_layout_list&quot;:[]}\">\n\t\t\t\t\t<div class=\"e-con-inner\">\n\t\t\t\t<div class=\"elementor-element elementor-element-4c116520 elementor-widget elementor-widget-text-editor\" data-id=\"4c116520\" data-element_type=\"widget\" data-widget_type=\"text-editor.default\">\n\t\t\t\t<div class=\"elementor-widget-container\">\n\t\t\t\t\t\t\t\t\t<h2 id=\"introduction\">Introduction<\/h2><p>Welcome to the website of Leo Poitevin, SEO expert. By accessing this website, you agree to comply with and be bound by these terms and conditions of use (TCU). If you do not agree to these terms, please do not use this site.<\/p><h2 id=\"d%C3%A9finitions\">Definitions<\/h2><p><strong>Site<\/strong> Leo Poitevin's website.<br \/><strong>User<\/strong> Any person who accesses and uses the Site.<br \/><strong>Services<\/strong> : The services offered by the Site, including, but not limited to, SEO consulting services, website audits, and digital marketing strategies.<\/p><h2 id=\"acc%C3%A8s-au-site\">Site Access<\/h2><p>Access to the Site is free. However, certain services may be subject to fees. Details of these services and their pricing are available on the Site.<\/p><h2 id=\"utilisation-du-site\">Site Usage<\/h2><p>The User undertakes to use the Site in a lawful and appropriate manner. It is forbidden to use the Site for :<\/p><ul><li>Post or transmit illegal, offensive, defamatory, or harmful content.<\/li><li>Impersonate any person or entity.<\/li><li>Interfere with the operation of the Site or associated services.<\/li><\/ul><h2 id=\"propri%C3%A9t%C3%A9-intellectuelle\">Intellectual Property<\/h2><p>All content on the Site (texts, images, videos, logos, etc.) is protected by intellectual property laws and is the exclusive property of Leo Poitevin or its partners. Any unauthorized reproduction, distribution, or use of this content is strictly prohibited.<\/p><h2 id=\"limitation-de-responsabilit%C3%A9\">Limitation of Liability<\/h2><p>Leo Poitevin endeavours to keep the Site up to date and functional. However, it cannot guarantee the accuracy, completeness or relevance of the information provided. In no event shall Leo Poitevin be liable for any direct or indirect damages arising out of the use or inability to use the Site.<\/p><h2 id=\"liens-hypertextes\">Hyperlinks<\/h2><p>The Site may contain links to third-party sites. Leo Poitevin has no control over these sites and disclaims any responsibility for their content or operation.<\/p><h2 id=\"modification-des-cgu\">Modification of the Terms of Service<\/h2><p>Leo Poitevin reserves the right to modify these T&amp;Cs at any time. Modifications will take effect upon their publication on the Site. It is the User's responsibility to regularly consult the T&amp;Cs to stay informed of any changes.<\/p><h2 id=\"droit-applicable-et-juridiction\">Governing Law and Jurisdiction<\/h2><p>These Terms and Conditions are governed by French law. Any dispute relating to the use of the Site shall be submitted to the exclusive jurisdiction of the French courts.<\/p><h2 id=\"contact\">Contact<\/h2><p>For any questions regarding these Terms and Conditions, you can contact us.<\/p>\t\t\t\t\t\t\t\t<\/div>\n\t\t\t\t<\/div>\n\t\t\t\t\t<\/div>\n\t\t\t\t<\/div>\n\t\t\t\t<\/div>","protected":false},"excerpt":{"rendered":"<p>Introduction Bienvenue sur le site de Leo Poitevin, expert SEO. En acc\u00e9dant \u00e0 ce site web, vous acceptez de vous conformer et d&rsquo;\u00eatre li\u00e9 par les pr\u00e9sentes conditions g\u00e9n\u00e9rales d&rsquo;utilisation (CGU). Si vous n&rsquo;acceptez pas ces conditions, veuillez ne pas utiliser ce site. D\u00e9finitions Site : Le site web de Leo Poitevin.Utilisateur : Toute personne &#8230; <a title=\"Conditions G\u00e9n\u00e9rales d&rsquo;Utilisation\" class=\"read-more\" href=\"https:\/\/astrak.agency\/en\/conditions-generales-dutilisation\/\" aria-label=\"Read more about Conditions G\u00e9n\u00e9rales d&rsquo;Utilisation\">Read more<\/a><\/p>","protected":false},"author":1,"featured_media":30,"parent":0,"menu_order":0,"comment_status":"closed","ping_status":"closed","template":"","meta":{"content-type":"","_lmt_disableupdate":"","_lmt_disable":"","footnotes":""},"class_list":["post-40","page","type-page","status-publish","has-post-thumbnail"],"yoast_head":"<!-- This site is optimized with the Yoast SEO plugin v25.7 - https:\/\/yoast.com\/wordpress\/plugins\/seo\/ -->\n<title>Conditions G\u00e9n\u00e9rales d&#039;Utilisation - Astrak<\/title>\n<meta name=\"robots\" content=\"index, follow, max-snippet:-1, max-image-preview:large, max-video-preview:-1\" \/>\n<link rel=\"canonical\" href=\"https:\/\/astrak.agency\/en\/terms-of-use\/\" \/>\n<meta property=\"og:locale\" content=\"en_US\" \/>\n<meta property=\"og:type\" content=\"article\" \/>\n<meta property=\"og:title\" content=\"Conditions G\u00e9n\u00e9rales d&#039;Utilisation - Astrak\" \/>\n<meta property=\"og:description\" content=\"Introduction Bienvenue sur le site de Leo Poitevin, expert SEO. En acc\u00e9dant \u00e0 ce site web, vous acceptez de vous conformer et d&rsquo;\u00eatre li\u00e9 par les pr\u00e9sentes conditions g\u00e9n\u00e9rales d&rsquo;utilisation (CGU). Si vous n&rsquo;acceptez pas ces conditions, veuillez ne pas utiliser ce site. D\u00e9finitions Site : Le site web de Leo Poitevin.Utilisateur : Toute personne ... Read more\" \/>\n<meta property=\"og:url\" content=\"https:\/\/astrak.agency\/en\/terms-of-use\/\" \/>\n<meta property=\"og:site_name\" content=\"Astrak\" \/>\n<meta property=\"article:modified_time\" content=\"2026-04-01T18:26:21+00:00\" \/>\n<meta property=\"og:image\" content=\"https:\/\/astrak.agency\/wp-content\/uploads\/2025\/05\/Logo_Noir.png\" \/>\n\t<meta property=\"og:image:width\" content=\"1357\" \/>\n\t<meta property=\"og:image:height\" content=\"246\" \/>\n\t<meta property=\"og:image:type\" content=\"image\/png\" \/>\n<meta name=\"twitter:card\" content=\"summary_large_image\" \/>\n<meta name=\"twitter:label1\" content=\"Est. reading time\" \/>\n\t<meta name=\"twitter:data1\" content=\"2 minutes\" \/>\n<script type=\"application\/ld+json\" class=\"yoast-schema-graph\">{\"@context\":\"https:\/\/schema.org\",\"@graph\":[{\"@type\":\"WebPage\",\"@id\":\"https:\/\/astrak.agency\/conditions-generales-dutilisation\/\",\"url\":\"https:\/\/astrak.agency\/conditions-generales-dutilisation\/\",\"name\":\"Conditions G\u00e9n\u00e9rales d'Utilisation - Astrak\",\"isPartOf\":{\"@id\":\"https:\/\/astrak.agency\/#website\"},\"primaryImageOfPage\":{\"@id\":\"https:\/\/astrak.agency\/conditions-generales-dutilisation\/#primaryimage\"},\"image\":{\"@id\":\"https:\/\/astrak.agency\/conditions-generales-dutilisation\/#primaryimage\"},\"thumbnailUrl\":\"\",\"datePublished\":\"2024-05-25T20:23:59+00:00\",\"dateModified\":\"2026-04-01T18:26:21+00:00\",\"breadcrumb\":{\"@id\":\"https:\/\/astrak.agency\/conditions-generales-dutilisation\/#breadcrumb\"},\"inLanguage\":\"en-US\",\"potentialAction\":[{\"@type\":\"ReadAction\",\"target\":[\"https:\/\/astrak.agency\/conditions-generales-dutilisation\/\"]}]},{\"@type\":\"ImageObject\",\"inLanguage\":\"en-US\",\"@id\":\"https:\/\/astrak.agency\/conditions-generales-dutilisation\/#primaryimage\",\"url\":\"\",\"contentUrl\":\"\"},{\"@type\":\"BreadcrumbList\",\"@id\":\"https:\/\/astrak.agency\/conditions-generales-dutilisation\/#breadcrumb\",\"itemListElement\":[{\"@type\":\"ListItem\",\"position\":1,\"name\":\"Agence SEO\",\"item\":\"https:\/\/astrak.agency\/\"},{\"@type\":\"ListItem\",\"position\":2,\"name\":\"Conditions G\u00e9n\u00e9rales d&#8217;Utilisation\"}]},{\"@type\":\"WebSite\",\"@id\":\"https:\/\/astrak.agency\/#website\",\"url\":\"https:\/\/astrak.agency\/\",\"name\":\"Astrak\",\"description\":\"On va acc\u00e9l\u00e9rer votre SEO\",\"publisher\":{\"@id\":\"https:\/\/astrak.agency\/#organization\"},\"alternateName\":\"Astrak SEO\",\"potentialAction\":[{\"@type\":\"SearchAction\",\"target\":{\"@type\":\"EntryPoint\",\"urlTemplate\":\"https:\/\/astrak.agency\/?s={search_term_string}\"},\"query-input\":{\"@type\":\"PropertyValueSpecification\",\"valueRequired\":true,\"valueName\":\"search_term_string\"}}],\"inLanguage\":\"en-US\"},{\"@type\":\"Organization\",\"@id\":\"https:\/\/astrak.agency\/#organization\",\"name\":\"Astrak\",\"alternateName\":\"Astrak Agency\",\"url\":\"https:\/\/astrak.agency\/\",\"logo\":{\"@type\":\"ImageObject\",\"inLanguage\":\"en-US\",\"@id\":\"https:\/\/astrak.agency\/#\/schema\/logo\/image\/\",\"url\":\"https:\/\/astrak.agency\/wp-content\/uploads\/2025\/05\/Logo_Noir.png\",\"contentUrl\":\"https:\/\/astrak.agency\/wp-content\/uploads\/2025\/05\/Logo_Noir.png\",\"width\":1357,\"height\":246,\"caption\":\"Astrak\"},\"image\":{\"@id\":\"https:\/\/astrak.agency\/#\/schema\/logo\/image\/\"},\"sameAs\":[\"https:\/\/www.instagram.com\/astrakagency\/\",\"https:\/\/www.linkedin.com\/company\/astrak-legoax\/\"]}]}<\/script>\n<!-- \/ Yoast SEO plugin. -->","yoast_head_json":{"title":"Terms of Use - Astrak","robots":{"index":"index","follow":"follow","max-snippet":"max-snippet:-1","max-image-preview":"max-image-preview:large","max-video-preview":"max-video-preview:-1"},"canonical":"https:\/\/astrak.agency\/en\/terms-of-use\/","og_locale":"en_US","og_type":"article","og_title":"Conditions G\u00e9n\u00e9rales d'Utilisation - Astrak","og_description":"Introduction Bienvenue sur le site de Leo Poitevin, expert SEO. En acc\u00e9dant \u00e0 ce site web, vous acceptez de vous conformer et d&rsquo;\u00eatre li\u00e9 par les pr\u00e9sentes conditions g\u00e9n\u00e9rales d&rsquo;utilisation (CGU). Si vous n&rsquo;acceptez pas ces conditions, veuillez ne pas utiliser ce site. D\u00e9finitions Site : Le site web de Leo Poitevin.Utilisateur : Toute personne ... Read more","og_url":"https:\/\/astrak.agency\/en\/terms-of-use\/","og_site_name":"Astrak","article_modified_time":"2026-04-01T18:26:21+00:00","og_image":[{"width":1357,"height":246,"url":"https:\/\/astrak.agency\/wp-content\/uploads\/2025\/05\/Logo_Noir.png","type":"image\/png"}],"twitter_card":"summary_large_image","twitter_misc":{"Est. reading time":"2 minutes"},"schema":{"@context":"https:\/\/schema.org","@graph":[{"@type":"WebPage","@id":"https:\/\/astrak.agency\/conditions-generales-dutilisation\/","url":"https:\/\/astrak.agency\/conditions-generales-dutilisation\/","name":"Terms of Use - Astrak","isPartOf":{"@id":"https:\/\/astrak.agency\/#website"},"primaryImageOfPage":{"@id":"https:\/\/astrak.agency\/conditions-generales-dutilisation\/#primaryimage"},"image":{"@id":"https:\/\/astrak.agency\/conditions-generales-dutilisation\/#primaryimage"},"thumbnailUrl":"","datePublished":"2024-05-25T20:23:59+00:00","dateModified":"2026-04-01T18:26:21+00:00","breadcrumb":{"@id":"https:\/\/astrak.agency\/conditions-generales-dutilisation\/#breadcrumb"},"inLanguage":"en-US","potentialAction":[{"@type":"ReadAction","target":["https:\/\/astrak.agency\/conditions-generales-dutilisation\/"]}]},{"@type":"ImageObject","inLanguage":"en-US","@id":"https:\/\/astrak.agency\/conditions-generales-dutilisation\/#primaryimage","url":"","contentUrl":""},{"@type":"BreadcrumbList","@id":"https:\/\/astrak.agency\/conditions-generales-dutilisation\/#breadcrumb","itemListElement":[{"@type":"ListItem","position":1,"name":"Agence SEO","item":"https:\/\/astrak.agency\/"},{"@type":"ListItem","position":2,"name":"Conditions G\u00e9n\u00e9rales d&#8217;Utilisation"}]},{"@type":"WebSite","@id":"https:\/\/astrak.agency\/#website","url":"https:\/\/astrak.agency\/","name":"Astrak","description":"We will accelerate your SEO","publisher":{"@id":"https:\/\/astrak.agency\/#organization"},"alternateName":"Astrak SEO","potentialAction":[{"@type":"SearchAction","target":{"@type":"EntryPoint","urlTemplate":"https:\/\/astrak.agency\/?s={search_term_string}"},"query-input":{"@type":"PropertyValueSpecification","valueRequired":true,"valueName":"search_term_string"}}],"inLanguage":"en-US"},{"@type":"Organization","@id":"https:\/\/astrak.agency\/#organization","name":"Astrak","alternateName":"Astrak Agency","url":"https:\/\/astrak.agency\/","logo":{"@type":"ImageObject","inLanguage":"en-US","@id":"https:\/\/astrak.agency\/#\/schema\/logo\/image\/","url":"https:\/\/astrak.agency\/wp-content\/uploads\/2025\/05\/Logo_Noir.png","contentUrl":"https:\/\/astrak.agency\/wp-content\/uploads\/2025\/05\/Logo_Noir.png","width":1357,"height":246,"caption":"Astrak"},"image":{"@id":"https:\/\/astrak.agency\/#\/schema\/logo\/image\/"},"sameAs":["https:\/\/www.instagram.com\/astrakagency\/","https:\/\/www.linkedin.com\/company\/astrak-legoax\/"]}]}},"_links":{"self":[{"href":"https:\/\/astrak.agency\/en\/wp-json\/wp\/v2\/pages\/40","targetHints":{"allow":["GET"]}}],"collection":[{"href":"https:\/\/astrak.agency\/en\/wp-json\/wp\/v2\/pages"}],"about":[{"href":"https:\/\/astrak.agency\/en\/wp-json\/wp\/v2\/types\/page"}],"author":[{"embeddable":true,"href":"https:\/\/astrak.agency\/en\/wp-json\/wp\/v2\/users\/1"}],"replies":[{"embeddable":true,"href":"https:\/\/astrak.agency\/en\/wp-json\/wp\/v2\/comments?post=40"}],"version-history":[{"count":4,"href":"https:\/\/astrak.agency\/en\/wp-json\/wp\/v2\/pages\/40\/revisions"}],"predecessor-version":[{"id":47132,"href":"https:\/\/astrak.agency\/en\/wp-json\/wp\/v2\/pages\/40\/revisions\/47132"}],"wp:featuredmedia":[{"embeddable":true,"href":"https:\/\/astrak.agency\/en\/wp-json\/wp\/v2\/pages\/30"}],"wp:attachment":[{"href":"https:\/\/astrak.agency\/en\/wp-json\/wp\/v2\/media?parent=40"}],"curies":[{"name":"wp","href":"https:\/\/api.w.org\/{rel}","templated":true}]}}