{"id":43571,"date":"2024-12-09T17:31:47","date_gmt":"2024-12-09T17:31:47","guid":{"rendered":"https:\/\/astrak.agency\/?page_id=43571"},"modified":"2026-04-01T18:25:22","modified_gmt":"2026-04-01T18:25:22","slug":"legal-notice","status":"publish","type":"page","link":"https:\/\/astrak.agency\/en\/mentions-legales\/","title":{"rendered":"Legal Notice"},"content":{"rendered":"<div data-elementor-type=\"wp-page\" data-elementor-id=\"43571\" class=\"elementor elementor-43571\" data-elementor-post-type=\"page\">\n\t\t\t\t<div class=\"elementor-element elementor-element-600cd8e4 e-flex e-con-boxed e-con e-parent\" data-id=\"600cd8e4\" data-element_type=\"container\" data-settings=\"{&quot;jet_parallax_layout_list&quot;:[]}\">\n\t\t\t\t\t<div class=\"e-con-inner\">\n\t\t\t\t<div class=\"elementor-element elementor-element-37da86cc elementor-widget elementor-widget-text-editor\" data-id=\"37da86cc\" data-element_type=\"widget\" data-widget_type=\"text-editor.default\">\n\t\t\t\t<div class=\"elementor-widget-container\">\n\t\t\t\t\t\t\t\t\t\n<h2 class=\"wp-block-heading\">General Information<\/h2>\n\n<p>This website <strong><a href=\"https:\/\/astrak.agency\/en\/\">https:\/\/astrak.agency\/<\/a><\/strong> is published by Astrak, whose legal information is as follows:<\/p>\n\n<ul class=\"wp-block-list\">\n<li><strong>Company name<\/strong> Legoax<\/li>\n\n<li><strong>Legal structure<\/strong> Limited Liability Company (LLC)<\/li>\n\n<li><strong>Headquarters<\/strong> : <strong>30 Rue Sainte Foy, 75002 Paris<\/strong><\/li>\n\n<li><strong>Publishing Director<\/strong> Leo POITEVIN<\/li>\n\n<li><strong>Contact email<\/strong> poitevinleo@gmail.com<\/li>\n<\/ul>\n\n<p>The site is hosted by:<\/p>\n\n<ul class=\"wp-block-list\">\n<li><strong>Hosting provider name<\/strong> O2switch<\/li>\n\n<li><strong>Hosting provider address<\/strong> 222 Boulevard Gustave Flaubert, 63000 Clermont-Ferrand, France<\/li>\n\n<li><strong>Contact hosting provider<\/strong> : <a>support@o2switch.fr<\/a><\/li>\n<\/ul>\n\n<h2 class=\"wp-block-heading\">Liability<\/h2>\n\n<p>Astrak strives to ensure the accuracy of the information published on the site. However, errors or omissions may occur. Users are invited to report any errors via poitevinleo@gmail.com. Astrak reserves the right to modify the content of the site at any time without prior notice.<\/p>\n\n<p>The use of the site is the sole responsibility of the user. Astrak cannot be held liable for direct or indirect damages resulting from access to or use of the site, or the inability to access it.<\/p>\n\n<p>The user agrees not to transmit any illegal, defamatory content, or content that infringes on the rights of third parties through the site.<\/p>\n\n<h2 class=\"wp-block-heading\">Intellectual property<\/h2>\n\n<p>All elements of the site <strong><a href=\"https:\/\/astrak.agency\/en\/\">astrak.agency<\/a><\/strong> (texts, images, logos, graphics, videos, etc.) are the exclusive property of Astrak or are subject to a license of use. Any unauthorized reproduction, representation, modification, distribution, or exploitation is strictly prohibited and constitutes an infringement of intellectual property rights, punishable by sanctions in accordance with the articles of the Intellectual Property Code.<\/p>\n\n<h2 class=\"wp-block-heading\">Personal data<\/h2>\n\n<p>In accordance with the General Data Protection Regulation (RGPD) and the French Data Protection Act (Loi Informatique et Libert\u00e9s), Astrak is committed to protecting the personal data of its users. The information collected is used to improve the service.<\/p>\n\n<p>Users have the following rights regarding their personal data:<\/p>\n\n<ul class=\"wp-block-list\">\n<li>Access<\/li>\n\n<li>Rectification<\/li>\n\n<li>Suppression<\/li>\n\n<li>Opposition<\/li>\n\n<li>Processing limitation<\/li>\n\n<li>Data portability<\/li>\n<\/ul>\n\n<p>These rights can be exercised by contacting Astrak via email at poitevinleo@gmail.com. Proof of identity may be required.<\/p>\n\n<p>In case of a dispute, the user can lodge a complaint with the CNIL<a href=\"http:\/\/www.cnil.fr\">www.cnil.fr<\/a>).<\/p>\n\n<h2 class=\"wp-block-heading\">Cookies<\/h2>\n\n<p>The site uses cookies to improve the user experience. The user can set their preferences via their browser or a dedicated tool accessible on the site.<\/p>\n\n<h2 class=\"wp-block-heading\">Changes to the legal notice<\/h2>\n\n<p>Astrak reserves the right to update these legal notices at any time. Users are invited to consult them regularly.\u00a0<\/p>\n\t\t\t\t\t\t\t\t<\/div>\n\t\t\t\t<\/div>\n\t\t\t\t\t<\/div>\n\t\t\t\t<\/div>\n\t\t\t\t<\/div>","protected":false},"excerpt":{"rendered":"<p>Informations g\u00e9n\u00e9rales Le pr\u00e9sent site internet https:\/\/astrak.agency\/ est \u00e9dit\u00e9 par Astrak, dont les informations l\u00e9gales sont les suivantes : Le site est h\u00e9berg\u00e9 par : Responsabilit\u00e9 Astrak s\u2019efforce de garantir l\u2019exactitude des informations publi\u00e9es sur le site. Toutefois, des erreurs ou omissions peuvent survenir. L&rsquo;utilisateur est invit\u00e9 \u00e0 signaler toute erreur via poitevinleo@gmail.com. Astrak se &#8230; <a title=\"Legal Notice\" class=\"read-more\" href=\"https:\/\/astrak.agency\/en\/mentions-legales\/\" aria-label=\"Read more about Mentions L\u00e9gales\">Read more<\/a><\/p>","protected":false},"author":3,"featured_media":0,"parent":0,"menu_order":0,"comment_status":"closed","ping_status":"closed","template":"","meta":{"content-type":"","_lmt_disableupdate":"","_lmt_disable":"","footnotes":""},"class_list":["post-43571","page","type-page","status-publish"],"yoast_head":"<!-- This site is optimized with the Yoast SEO plugin v25.7 - https:\/\/yoast.com\/wordpress\/plugins\/seo\/ -->\n<title>Mentions L\u00e9gales - Astrak<\/title>\n<meta name=\"robots\" content=\"index, follow, max-snippet:-1, max-image-preview:large, max-video-preview:-1\" \/>\n<link rel=\"canonical\" href=\"https:\/\/astrak.agency\/en\/legal-notice\/\" \/>\n<meta property=\"og:locale\" content=\"en_US\" \/>\n<meta property=\"og:type\" content=\"article\" \/>\n<meta property=\"og:title\" content=\"Mentions L\u00e9gales - Astrak\" \/>\n<meta property=\"og:description\" content=\"Informations g\u00e9n\u00e9rales Le pr\u00e9sent site internet https:\/\/astrak.agency\/ est \u00e9dit\u00e9 par Astrak, dont les informations l\u00e9gales sont les suivantes : Le site est h\u00e9berg\u00e9 par : Responsabilit\u00e9 Astrak s\u2019efforce de garantir l\u2019exactitude des informations publi\u00e9es sur le site. Toutefois, des erreurs ou omissions peuvent survenir. L&rsquo;utilisateur est invit\u00e9 \u00e0 signaler toute erreur via poitevinleo@gmail.com. Astrak se ... Read more\" \/>\n<meta property=\"og:url\" content=\"https:\/\/astrak.agency\/en\/legal-notice\/\" \/>\n<meta property=\"og:site_name\" content=\"Astrak\" \/>\n<meta property=\"article:modified_time\" content=\"2026-04-01T18:25:22+00:00\" \/>\n<meta property=\"og:image\" content=\"https:\/\/astrak.agency\/wp-content\/uploads\/2025\/05\/Logo_Noir.png\" \/>\n\t<meta property=\"og:image:width\" content=\"1357\" \/>\n\t<meta property=\"og:image:height\" content=\"246\" \/>\n\t<meta property=\"og:image:type\" content=\"image\/png\" \/>\n<meta name=\"twitter:card\" content=\"summary_large_image\" \/>\n<meta name=\"twitter:label1\" content=\"Est. reading time\" \/>\n\t<meta name=\"twitter:data1\" content=\"2 minutes\" \/>\n<script type=\"application\/ld+json\" class=\"yoast-schema-graph\">{\"@context\":\"https:\/\/schema.org\",\"@graph\":[{\"@type\":\"WebPage\",\"@id\":\"https:\/\/astrak.agency\/mentions-legales\/\",\"url\":\"https:\/\/astrak.agency\/mentions-legales\/\",\"name\":\"Mentions L\u00e9gales - Astrak\",\"isPartOf\":{\"@id\":\"https:\/\/astrak.agency\/#website\"},\"datePublished\":\"2024-12-09T17:31:47+00:00\",\"dateModified\":\"2026-04-01T18:25:22+00:00\",\"breadcrumb\":{\"@id\":\"https:\/\/astrak.agency\/mentions-legales\/#breadcrumb\"},\"inLanguage\":\"en-US\",\"potentialAction\":[{\"@type\":\"ReadAction\",\"target\":[\"https:\/\/astrak.agency\/mentions-legales\/\"]}]},{\"@type\":\"BreadcrumbList\",\"@id\":\"https:\/\/astrak.agency\/mentions-legales\/#breadcrumb\",\"itemListElement\":[{\"@type\":\"ListItem\",\"position\":1,\"name\":\"Agence SEO\",\"item\":\"https:\/\/astrak.agency\/\"},{\"@type\":\"ListItem\",\"position\":2,\"name\":\"Mentions L\u00e9gales\"}]},{\"@type\":\"WebSite\",\"@id\":\"https:\/\/astrak.agency\/#website\",\"url\":\"https:\/\/astrak.agency\/\",\"name\":\"Astrak\",\"description\":\"On va acc\u00e9l\u00e9rer votre SEO\",\"publisher\":{\"@id\":\"https:\/\/astrak.agency\/#organization\"},\"alternateName\":\"Astrak SEO\",\"potentialAction\":[{\"@type\":\"SearchAction\",\"target\":{\"@type\":\"EntryPoint\",\"urlTemplate\":\"https:\/\/astrak.agency\/?s={search_term_string}\"},\"query-input\":{\"@type\":\"PropertyValueSpecification\",\"valueRequired\":true,\"valueName\":\"search_term_string\"}}],\"inLanguage\":\"en-US\"},{\"@type\":\"Organization\",\"@id\":\"https:\/\/astrak.agency\/#organization\",\"name\":\"Astrak\",\"alternateName\":\"Astrak Agency\",\"url\":\"https:\/\/astrak.agency\/\",\"logo\":{\"@type\":\"ImageObject\",\"inLanguage\":\"en-US\",\"@id\":\"https:\/\/astrak.agency\/#\/schema\/logo\/image\/\",\"url\":\"https:\/\/astrak.agency\/wp-content\/uploads\/2025\/05\/Logo_Noir.png\",\"contentUrl\":\"https:\/\/astrak.agency\/wp-content\/uploads\/2025\/05\/Logo_Noir.png\",\"width\":1357,\"height\":246,\"caption\":\"Astrak\"},\"image\":{\"@id\":\"https:\/\/astrak.agency\/#\/schema\/logo\/image\/\"},\"sameAs\":[\"https:\/\/www.instagram.com\/astrakagency\/\",\"https:\/\/www.linkedin.com\/company\/astrak-legoax\/\"]}]}<\/script>\n<!-- \/ Yoast SEO plugin. -->","yoast_head_json":{"title":"Legal Notice - Astrak","robots":{"index":"index","follow":"follow","max-snippet":"max-snippet:-1","max-image-preview":"max-image-preview:large","max-video-preview":"max-video-preview:-1"},"canonical":"https:\/\/astrak.agency\/en\/legal-notice\/","og_locale":"en_US","og_type":"article","og_title":"Mentions L\u00e9gales - Astrak","og_description":"Informations g\u00e9n\u00e9rales Le pr\u00e9sent site internet https:\/\/astrak.agency\/ est \u00e9dit\u00e9 par Astrak, dont les informations l\u00e9gales sont les suivantes : Le site est h\u00e9berg\u00e9 par : Responsabilit\u00e9 Astrak s\u2019efforce de garantir l\u2019exactitude des informations publi\u00e9es sur le site. Toutefois, des erreurs ou omissions peuvent survenir. L&rsquo;utilisateur est invit\u00e9 \u00e0 signaler toute erreur via poitevinleo@gmail.com. Astrak se ... Read more","og_url":"https:\/\/astrak.agency\/en\/legal-notice\/","og_site_name":"Astrak","article_modified_time":"2026-04-01T18:25:22+00:00","og_image":[{"width":1357,"height":246,"url":"https:\/\/astrak.agency\/wp-content\/uploads\/2025\/05\/Logo_Noir.png","type":"image\/png"}],"twitter_card":"summary_large_image","twitter_misc":{"Est. reading time":"2 minutes"},"schema":{"@context":"https:\/\/schema.org","@graph":[{"@type":"WebPage","@id":"https:\/\/astrak.agency\/mentions-legales\/","url":"https:\/\/astrak.agency\/mentions-legales\/","name":"Legal Notice - Astrak","isPartOf":{"@id":"https:\/\/astrak.agency\/#website"},"datePublished":"2024-12-09T17:31:47+00:00","dateModified":"2026-04-01T18:25:22+00:00","breadcrumb":{"@id":"https:\/\/astrak.agency\/mentions-legales\/#breadcrumb"},"inLanguage":"en-US","potentialAction":[{"@type":"ReadAction","target":["https:\/\/astrak.agency\/mentions-legales\/"]}]},{"@type":"BreadcrumbList","@id":"https:\/\/astrak.agency\/mentions-legales\/#breadcrumb","itemListElement":[{"@type":"ListItem","position":1,"name":"Agence SEO","item":"https:\/\/astrak.agency\/"},{"@type":"ListItem","position":2,"name":"Mentions L\u00e9gales"}]},{"@type":"WebSite","@id":"https:\/\/astrak.agency\/#website","url":"https:\/\/astrak.agency\/","name":"Astrak","description":"We will accelerate your SEO","publisher":{"@id":"https:\/\/astrak.agency\/#organization"},"alternateName":"Astrak SEO","potentialAction":[{"@type":"SearchAction","target":{"@type":"EntryPoint","urlTemplate":"https:\/\/astrak.agency\/?s={search_term_string}"},"query-input":{"@type":"PropertyValueSpecification","valueRequired":true,"valueName":"search_term_string"}}],"inLanguage":"en-US"},{"@type":"Organization","@id":"https:\/\/astrak.agency\/#organization","name":"Astrak","alternateName":"Astrak Agency","url":"https:\/\/astrak.agency\/","logo":{"@type":"ImageObject","inLanguage":"en-US","@id":"https:\/\/astrak.agency\/#\/schema\/logo\/image\/","url":"https:\/\/astrak.agency\/wp-content\/uploads\/2025\/05\/Logo_Noir.png","contentUrl":"https:\/\/astrak.agency\/wp-content\/uploads\/2025\/05\/Logo_Noir.png","width":1357,"height":246,"caption":"Astrak"},"image":{"@id":"https:\/\/astrak.agency\/#\/schema\/logo\/image\/"},"sameAs":["https:\/\/www.instagram.com\/astrakagency\/","https:\/\/www.linkedin.com\/company\/astrak-legoax\/"]}]}},"_links":{"self":[{"href":"https:\/\/astrak.agency\/en\/wp-json\/wp\/v2\/pages\/43571","targetHints":{"allow":["GET"]}}],"collection":[{"href":"https:\/\/astrak.agency\/en\/wp-json\/wp\/v2\/pages"}],"about":[{"href":"https:\/\/astrak.agency\/en\/wp-json\/wp\/v2\/types\/page"}],"author":[{"embeddable":true,"href":"https:\/\/astrak.agency\/en\/wp-json\/wp\/v2\/users\/3"}],"replies":[{"embeddable":true,"href":"https:\/\/astrak.agency\/en\/wp-json\/wp\/v2\/comments?post=43571"}],"version-history":[{"count":5,"href":"https:\/\/astrak.agency\/en\/wp-json\/wp\/v2\/pages\/43571\/revisions"}],"predecessor-version":[{"id":47129,"href":"https:\/\/astrak.agency\/en\/wp-json\/wp\/v2\/pages\/43571\/revisions\/47129"}],"wp:attachment":[{"href":"https:\/\/astrak.agency\/en\/wp-json\/wp\/v2\/media?parent=43571"}],"curies":[{"name":"wp","href":"https:\/\/api.w.org\/{rel}","templated":true}]}}