{"id":43580,"date":"2024-12-09T18:23:39","date_gmt":"2024-12-09T18:23:39","guid":{"rendered":"https:\/\/astrak.agency\/?page_id=43580"},"modified":"2026-02-19T12:35:26","modified_gmt":"2026-02-19T12:35:26","slug":"contact","status":"publish","type":"page","link":"https:\/\/astrak.agency\/en\/contact\/","title":{"rendered":"Contact Us"},"content":{"rendered":"<div data-elementor-type=\"wp-page\" data-elementor-id=\"43580\" class=\"elementor elementor-43580\" data-elementor-post-type=\"page\">\n\t\t\t\t<div class=\"elementor-element elementor-element-b3e6318 e-flex e-con-boxed e-con e-parent\" data-id=\"b3e6318\" data-element_type=\"container\" data-settings=\"{&quot;jet_parallax_layout_list&quot;:[]}\">\n\t\t\t\t\t<div class=\"e-con-inner\">\n\t\t<div class=\"elementor-element elementor-element-61c9aee e-con-full e-flex e-con e-child\" data-id=\"61c9aee\" data-element_type=\"container\" data-settings=\"{&quot;jet_parallax_layout_list&quot;:[]}\">\n\t\t<div class=\"elementor-element elementor-element-b11c84b e-con-full e-flex e-con e-child\" data-id=\"b11c84b\" data-element_type=\"container\" data-settings=\"{&quot;jet_parallax_layout_list&quot;:[]}\">\n\t\t\t\t<div class=\"elementor-element elementor-element-5059ad3 elementor-widget elementor-widget-heading\" data-id=\"5059ad3\" data-element_type=\"widget\" data-widget_type=\"heading.default\">\n\t\t\t\t<div class=\"elementor-widget-container\">\n\t\t\t\t\t<h2 class=\"elementor-heading-title elementor-size-default\">Book your free diagnostic<\/h2>\t\t\t\t<\/div>\n\t\t\t\t<\/div>\n\t\t\t\t<\/div>\n\t\t<div class=\"elementor-element elementor-element-545488c e-con-full e-flex e-con e-child\" data-id=\"545488c\" data-element_type=\"container\" data-settings=\"{&quot;jet_parallax_layout_list&quot;:[]}\">\n\t\t\t\t<div class=\"elementor-element elementor-element-942d79a elementor-widget elementor-widget-text-editor\" data-id=\"942d79a\" data-element_type=\"widget\" data-widget_type=\"text-editor.default\">\n\t\t\t\t<div class=\"elementor-widget-container\">\n\t\t\t\t\t\t\t\t\t<p>Book a slot now to chat with an Astrak team member and get a free SEO review.<\/p><p>You can also contact us by email at: <span style=\"text-decoration: underline;\"><a href=\"mailto:contact@astrak.fr\">contact@astrak.fr<\/a><\/span><\/p>\t\t\t\t\t\t\t\t<\/div>\n\t\t\t\t<\/div>\n\t\t\t\t<\/div>\n\t\t\t\t<\/div>\n\t\t<div class=\"elementor-element elementor-element-d7b6e76 e-con-full e-flex e-con e-child\" data-id=\"d7b6e76\" data-element_type=\"container\" data-settings=\"{&quot;jet_parallax_layout_list&quot;:[]}\">\n\t\t<div class=\"elementor-element elementor-element-404d268 e-con-full e-flex e-con e-child\" data-id=\"404d268\" data-element_type=\"container\" data-settings=\"{&quot;jet_parallax_layout_list&quot;:[]}\">\n\t\t\t\t<div class=\"elementor-element elementor-element-5e08435 elementor-widget elementor-widget-html\" data-id=\"5e08435\" data-element_type=\"widget\" data-widget_type=\"html.default\">\n\t\t\t\t<div class=\"elementor-widget-container\">\n\t\t\t\t\t<!-- Start of Meetings Embed Script -->\n    <div class=\"meetings-iframe-container\" data-src=\"https:\/\/meetings-na2.hubspot.com\/meetings\/leo-poitevin?embed=true&utm-source=website-home\"><\/div>\n    <script type=\"text\/javascript\" src=\"https:\/\/static.hsappstatic.net\/MeetingsEmbed\/ex\/MeetingsEmbedCode.js\"><\/script>\n  <!-- End of Meetings Embed Script -->\t\t\t\t<\/div>\n\t\t\t\t<\/div>\n\t\t\t\t<\/div>\n\t\t\t\t<\/div>\n\t\t\t\t\t<\/div>\n\t\t\t\t<\/div>\n\t\t\t\t<\/div>","protected":false},"excerpt":{"rendered":"<p>Book your free diagnosis. Book a slot now to speak with a member of the Astrak team and review your SEO for free. You can also contact us by email at: contact@astrak.fr<\/p>","protected":false},"author":3,"featured_media":0,"parent":0,"menu_order":0,"comment_status":"closed","ping_status":"closed","template":"","meta":{"content-type":"","_lmt_disableupdate":"no","_lmt_disable":"","footnotes":""},"class_list":["post-43580","page","type-page","status-publish"],"yoast_head":"<!-- This site is optimized with the Yoast SEO plugin v25.7 - https:\/\/yoast.com\/wordpress\/plugins\/seo\/ -->\n<title>Nous Contacter - Astrak<\/title>\n<meta name=\"robots\" content=\"index, follow, max-snippet:-1, max-image-preview:large, max-video-preview:-1\" \/>\n<link rel=\"canonical\" href=\"https:\/\/astrak.agency\/en\/contact\/\" \/>\n<meta property=\"og:locale\" content=\"en_US\" \/>\n<meta property=\"og:type\" content=\"article\" \/>\n<meta property=\"og:title\" content=\"Nous Contacter - Astrak\" \/>\n<meta property=\"og:description\" content=\"Reserve ton diagnostic gratuit R\u00e9serve d\u00e8s maintenant un cr\u00e9neau pour \u00e9changer avec un membre de l\u2019\u00e9quipe Astrak et faire le point sur ton SEO gratuitement. Vous pouvez \u00e9galement nous contacter par email \u00e0 l\u2019adresse: contact@astrak.fr\" \/>\n<meta property=\"og:url\" content=\"https:\/\/astrak.agency\/en\/contact\/\" \/>\n<meta property=\"og:site_name\" content=\"Astrak\" \/>\n<meta property=\"article:modified_time\" content=\"2026-02-19T12:35:26+00:00\" \/>\n<meta property=\"og:image\" content=\"https:\/\/astrak.agency\/wp-content\/uploads\/2025\/05\/Logo_Noir.png\" \/>\n\t<meta property=\"og:image:width\" content=\"1357\" \/>\n\t<meta property=\"og:image:height\" content=\"246\" \/>\n\t<meta property=\"og:image:type\" content=\"image\/png\" \/>\n<meta name=\"twitter:card\" content=\"summary_large_image\" \/>\n<meta name=\"twitter:label1\" content=\"Est. reading time\" \/>\n\t<meta name=\"twitter:data1\" content=\"1 minute\" \/>\n<script type=\"application\/ld+json\" class=\"yoast-schema-graph\">{\"@context\":\"https:\/\/schema.org\",\"@graph\":[{\"@type\":\"WebPage\",\"@id\":\"https:\/\/astrak.agency\/contact\/\",\"url\":\"https:\/\/astrak.agency\/contact\/\",\"name\":\"Nous Contacter - Astrak\",\"isPartOf\":{\"@id\":\"https:\/\/astrak.agency\/#website\"},\"datePublished\":\"2024-12-09T18:23:39+00:00\",\"dateModified\":\"2026-02-19T12:35:26+00:00\",\"breadcrumb\":{\"@id\":\"https:\/\/astrak.agency\/contact\/#breadcrumb\"},\"inLanguage\":\"en-US\",\"potentialAction\":[{\"@type\":\"ReadAction\",\"target\":[\"https:\/\/astrak.agency\/contact\/\"]}]},{\"@type\":\"BreadcrumbList\",\"@id\":\"https:\/\/astrak.agency\/contact\/#breadcrumb\",\"itemListElement\":[{\"@type\":\"ListItem\",\"position\":1,\"name\":\"Agence SEO\",\"item\":\"https:\/\/astrak.agency\/\"},{\"@type\":\"ListItem\",\"position\":2,\"name\":\"Nous Contacter\"}]},{\"@type\":\"WebSite\",\"@id\":\"https:\/\/astrak.agency\/#website\",\"url\":\"https:\/\/astrak.agency\/\",\"name\":\"Astrak\",\"description\":\"On va acc\u00e9l\u00e9rer votre SEO\",\"publisher\":{\"@id\":\"https:\/\/astrak.agency\/#organization\"},\"alternateName\":\"Astrak SEO\",\"potentialAction\":[{\"@type\":\"SearchAction\",\"target\":{\"@type\":\"EntryPoint\",\"urlTemplate\":\"https:\/\/astrak.agency\/?s={search_term_string}\"},\"query-input\":{\"@type\":\"PropertyValueSpecification\",\"valueRequired\":true,\"valueName\":\"search_term_string\"}}],\"inLanguage\":\"en-US\"},{\"@type\":\"Organization\",\"@id\":\"https:\/\/astrak.agency\/#organization\",\"name\":\"Astrak\",\"alternateName\":\"Astrak Agency\",\"url\":\"https:\/\/astrak.agency\/\",\"logo\":{\"@type\":\"ImageObject\",\"inLanguage\":\"en-US\",\"@id\":\"https:\/\/astrak.agency\/#\/schema\/logo\/image\/\",\"url\":\"https:\/\/astrak.agency\/wp-content\/uploads\/2025\/05\/Logo_Noir.png\",\"contentUrl\":\"https:\/\/astrak.agency\/wp-content\/uploads\/2025\/05\/Logo_Noir.png\",\"width\":1357,\"height\":246,\"caption\":\"Astrak\"},\"image\":{\"@id\":\"https:\/\/astrak.agency\/#\/schema\/logo\/image\/\"},\"sameAs\":[\"https:\/\/www.instagram.com\/astrakagency\/\",\"https:\/\/www.linkedin.com\/company\/astrak-legoax\/\"]}]}<\/script>\n<!-- \/ Yoast SEO plugin. -->","yoast_head_json":{"title":"Contact Us - Astrak","robots":{"index":"index","follow":"follow","max-snippet":"max-snippet:-1","max-image-preview":"max-image-preview:large","max-video-preview":"max-video-preview:-1"},"canonical":"https:\/\/astrak.agency\/en\/contact\/","og_locale":"en_US","og_type":"article","og_title":"Nous Contacter - Astrak","og_description":"Reserve ton diagnostic gratuit R\u00e9serve d\u00e8s maintenant un cr\u00e9neau pour \u00e9changer avec un membre de l\u2019\u00e9quipe Astrak et faire le point sur ton SEO gratuitement. Vous pouvez \u00e9galement nous contacter par email \u00e0 l\u2019adresse: contact@astrak.fr","og_url":"https:\/\/astrak.agency\/en\/contact\/","og_site_name":"Astrak","article_modified_time":"2026-02-19T12:35:26+00:00","og_image":[{"width":1357,"height":246,"url":"https:\/\/astrak.agency\/wp-content\/uploads\/2025\/05\/Logo_Noir.png","type":"image\/png"}],"twitter_card":"summary_large_image","twitter_misc":{"Est. reading time":"1 minute"},"schema":{"@context":"https:\/\/schema.org","@graph":[{"@type":"WebPage","@id":"https:\/\/astrak.agency\/contact\/","url":"https:\/\/astrak.agency\/contact\/","name":"Contact Us - Astrak","isPartOf":{"@id":"https:\/\/astrak.agency\/#website"},"datePublished":"2024-12-09T18:23:39+00:00","dateModified":"2026-02-19T12:35:26+00:00","breadcrumb":{"@id":"https:\/\/astrak.agency\/contact\/#breadcrumb"},"inLanguage":"en-US","potentialAction":[{"@type":"ReadAction","target":["https:\/\/astrak.agency\/contact\/"]}]},{"@type":"BreadcrumbList","@id":"https:\/\/astrak.agency\/contact\/#breadcrumb","itemListElement":[{"@type":"ListItem","position":1,"name":"Agence SEO","item":"https:\/\/astrak.agency\/"},{"@type":"ListItem","position":2,"name":"Nous Contacter"}]},{"@type":"WebSite","@id":"https:\/\/astrak.agency\/#website","url":"https:\/\/astrak.agency\/","name":"Astrak","description":"We will accelerate your SEO","publisher":{"@id":"https:\/\/astrak.agency\/#organization"},"alternateName":"Astrak SEO","potentialAction":[{"@type":"SearchAction","target":{"@type":"EntryPoint","urlTemplate":"https:\/\/astrak.agency\/?s={search_term_string}"},"query-input":{"@type":"PropertyValueSpecification","valueRequired":true,"valueName":"search_term_string"}}],"inLanguage":"en-US"},{"@type":"Organization","@id":"https:\/\/astrak.agency\/#organization","name":"Astrak","alternateName":"Astrak Agency","url":"https:\/\/astrak.agency\/","logo":{"@type":"ImageObject","inLanguage":"en-US","@id":"https:\/\/astrak.agency\/#\/schema\/logo\/image\/","url":"https:\/\/astrak.agency\/wp-content\/uploads\/2025\/05\/Logo_Noir.png","contentUrl":"https:\/\/astrak.agency\/wp-content\/uploads\/2025\/05\/Logo_Noir.png","width":1357,"height":246,"caption":"Astrak"},"image":{"@id":"https:\/\/astrak.agency\/#\/schema\/logo\/image\/"},"sameAs":["https:\/\/www.instagram.com\/astrakagency\/","https:\/\/www.linkedin.com\/company\/astrak-legoax\/"]}]}},"_links":{"self":[{"href":"https:\/\/astrak.agency\/en\/wp-json\/wp\/v2\/pages\/43580","targetHints":{"allow":["GET"]}}],"collection":[{"href":"https:\/\/astrak.agency\/en\/wp-json\/wp\/v2\/pages"}],"about":[{"href":"https:\/\/astrak.agency\/en\/wp-json\/wp\/v2\/types\/page"}],"author":[{"embeddable":true,"href":"https:\/\/astrak.agency\/en\/wp-json\/wp\/v2\/users\/3"}],"replies":[{"embeddable":true,"href":"https:\/\/astrak.agency\/en\/wp-json\/wp\/v2\/comments?post=43580"}],"version-history":[{"count":22,"href":"https:\/\/astrak.agency\/en\/wp-json\/wp\/v2\/pages\/43580\/revisions"}],"predecessor-version":[{"id":46074,"href":"https:\/\/astrak.agency\/en\/wp-json\/wp\/v2\/pages\/43580\/revisions\/46074"}],"wp:attachment":[{"href":"https:\/\/astrak.agency\/en\/wp-json\/wp\/v2\/media?parent=43580"}],"curies":[{"name":"wp","href":"https:\/\/api.w.org\/{rel}","templated":true}]}}