{"id":44246,"date":"2025-06-30T08:00:42","date_gmt":"2025-06-30T08:00:42","guid":{"rendered":"https:\/\/astrak.agency\/?page_id=44246"},"modified":"2026-04-01T18:26:34","modified_gmt":"2026-04-01T18:26:34","slug":"nos-outils-seo","status":"publish","type":"page","link":"https:\/\/astrak.agency\/en\/nos-outils-seo\/","title":{"rendered":"Nos Outils SEO"},"content":{"rendered":"<div data-elementor-type=\"wp-page\" data-elementor-id=\"44246\" class=\"elementor elementor-44246\" data-elementor-post-type=\"page\">\n\t\t\t\t<div class=\"elementor-element elementor-element-3e539a2e e-flex e-con-boxed e-con e-parent\" data-id=\"3e539a2e\" data-element_type=\"container\" data-settings=\"{&quot;jet_parallax_layout_list&quot;:[]}\">\n\t\t\t\t\t<div class=\"e-con-inner\">\n\t\t\t\t<div class=\"elementor-element elementor-element-17ff1626 elementor-widget elementor-widget-text-editor\" data-id=\"17ff1626\" data-element_type=\"widget\" data-widget_type=\"text-editor.default\">\n\t\t\t\t<div class=\"elementor-widget-container\">\n\t\t\t\t\t\t\t\t\t\n<p>La toolbox Astrak. Test\u00e9e, approuv\u00e9e, offerte.<\/p>\n\n\n\n<p>On a d\u00e9velopp\u00e9 des outils SEO pour notre usage interne. Des trucs pratiques qui nous simplifient la vie au quotidien : audits automatis\u00e9s, tableaux de bord sur mesure, assistants IA pour les t\u00e2ches r\u00e9p\u00e9titives.<\/p>\n\n\n\n<p>On a d\u00e9cid\u00e9 de les partager. Tout ce qu&rsquo;on utilise au quotidien est maintenant accessible gratuitement sur cette page.<\/p>\n\n\n\n<p>De rien \ud83d\ude42 <\/p>\n\n\n\n<div class=\"wp-block-columns is-layout-flex wp-container-core-columns-is-layout-9d6595d7 wp-block-columns-is-layout-flex\">\n<div class=\"wp-block-column is-layout-flow wp-block-column-is-layout-flow\">\n<div class=\"wp-block-group has-background\" style=\"background-color:#eafbff\"><div class=\"wp-block-group__inner-container is-layout-constrained wp-block-group-is-layout-constrained\">\n<h2 class=\"wp-block-heading\" style=\"font-size:24px;line-height:1.3\"><strong><a href=\"http:\/\/wordpress.org\">G\u00e9n\u00e9rateur d&rsquo;illustrations \u2197<\/a><\/strong><\/h2>\n\n\n\n<p>Fini les images stocks. G\u00e9n\u00e8re des designs pour illustrer tes pages en 1 clic<\/p>\n<\/div><\/div>\n<\/div>\n\n\n\n<div class=\"wp-block-column is-layout-flow wp-block-column-is-layout-flow\"><\/div>\n<\/div>\n\n\n\n<p><\/p>\n\t\t\t\t\t\t\t\t<\/div>\n\t\t\t\t<\/div>\n\t\t\t\t\t<\/div>\n\t\t\t\t<\/div>\n\t\t\t\t<\/div>","protected":false},"excerpt":{"rendered":"<p>La toolbox Astrak. Test\u00e9e, approuv\u00e9e, offerte. On a d\u00e9velopp\u00e9 des outils SEO pour notre usage interne. Des trucs pratiques qui nous simplifient la vie au quotidien : audits automatis\u00e9s, tableaux de bord sur mesure, assistants IA pour les t\u00e2ches r\u00e9p\u00e9titives. On a d\u00e9cid\u00e9 de les partager. Tout ce qu&rsquo;on utilise au quotidien est maintenant accessible &#8230; <a title=\"Nos Outils SEO\" class=\"read-more\" href=\"https:\/\/astrak.agency\/en\/nos-outils-seo\/\" aria-label=\"Read more about Nos Outils SEO\">Read more<\/a><\/p>","protected":false},"author":5,"featured_media":0,"parent":0,"menu_order":0,"comment_status":"closed","ping_status":"closed","template":"","meta":{"content-type":"","_lmt_disableupdate":"no","_lmt_disable":"","footnotes":""},"class_list":["post-44246","page","type-page","status-publish"],"yoast_head":"<!-- This site is optimized with the Yoast SEO plugin v25.7 - https:\/\/yoast.com\/wordpress\/plugins\/seo\/ -->\n<title>Nos Outils SEO - Astrak<\/title>\n<meta name=\"robots\" content=\"index, follow, max-snippet:-1, max-image-preview:large, max-video-preview:-1\" \/>\n<link rel=\"canonical\" href=\"https:\/\/astrak.agency\/en\/nos-outils-seo\/\" \/>\n<meta property=\"og:locale\" content=\"en_US\" \/>\n<meta property=\"og:type\" content=\"article\" \/>\n<meta property=\"og:title\" content=\"Nos Outils SEO - Astrak\" \/>\n<meta property=\"og:description\" content=\"La toolbox Astrak. Test\u00e9e, approuv\u00e9e, offerte. On a d\u00e9velopp\u00e9 des outils SEO pour notre usage interne. Des trucs pratiques qui nous simplifient la vie au quotidien : audits automatis\u00e9s, tableaux de bord sur mesure, assistants IA pour les t\u00e2ches r\u00e9p\u00e9titives. On a d\u00e9cid\u00e9 de les partager. Tout ce qu&rsquo;on utilise au quotidien est maintenant accessible ... Read more\" \/>\n<meta property=\"og:url\" content=\"https:\/\/astrak.agency\/en\/nos-outils-seo\/\" \/>\n<meta property=\"og:site_name\" content=\"Astrak\" \/>\n<meta property=\"article:modified_time\" content=\"2026-04-01T18:26:34+00:00\" \/>\n<meta property=\"og:image\" content=\"https:\/\/astrak.agency\/wp-content\/uploads\/2025\/05\/Logo_Noir.png\" \/>\n\t<meta property=\"og:image:width\" content=\"1357\" \/>\n\t<meta property=\"og:image:height\" content=\"246\" \/>\n\t<meta property=\"og:image:type\" content=\"image\/png\" \/>\n<meta name=\"twitter:card\" content=\"summary_large_image\" \/>\n<meta name=\"twitter:label1\" content=\"Est. reading time\" \/>\n\t<meta name=\"twitter:data1\" content=\"1 minute\" \/>\n<script type=\"application\/ld+json\" class=\"yoast-schema-graph\">{\"@context\":\"https:\/\/schema.org\",\"@graph\":[{\"@type\":\"WebPage\",\"@id\":\"https:\/\/astrak.agency\/nos-outils-seo\/\",\"url\":\"https:\/\/astrak.agency\/nos-outils-seo\/\",\"name\":\"Nos Outils SEO - Astrak\",\"isPartOf\":{\"@id\":\"https:\/\/astrak.agency\/#website\"},\"datePublished\":\"2025-06-30T08:00:42+00:00\",\"dateModified\":\"2026-04-01T18:26:34+00:00\",\"breadcrumb\":{\"@id\":\"https:\/\/astrak.agency\/nos-outils-seo\/#breadcrumb\"},\"inLanguage\":\"en-US\",\"potentialAction\":[{\"@type\":\"ReadAction\",\"target\":[\"https:\/\/astrak.agency\/nos-outils-seo\/\"]}]},{\"@type\":\"BreadcrumbList\",\"@id\":\"https:\/\/astrak.agency\/nos-outils-seo\/#breadcrumb\",\"itemListElement\":[{\"@type\":\"ListItem\",\"position\":1,\"name\":\"Agence SEO\",\"item\":\"https:\/\/astrak.agency\/\"},{\"@type\":\"ListItem\",\"position\":2,\"name\":\"Nos Outils SEO\"}]},{\"@type\":\"WebSite\",\"@id\":\"https:\/\/astrak.agency\/#website\",\"url\":\"https:\/\/astrak.agency\/\",\"name\":\"Astrak\",\"description\":\"On va acc\u00e9l\u00e9rer votre SEO\",\"publisher\":{\"@id\":\"https:\/\/astrak.agency\/#organization\"},\"alternateName\":\"Astrak SEO\",\"potentialAction\":[{\"@type\":\"SearchAction\",\"target\":{\"@type\":\"EntryPoint\",\"urlTemplate\":\"https:\/\/astrak.agency\/?s={search_term_string}\"},\"query-input\":{\"@type\":\"PropertyValueSpecification\",\"valueRequired\":true,\"valueName\":\"search_term_string\"}}],\"inLanguage\":\"en-US\"},{\"@type\":\"Organization\",\"@id\":\"https:\/\/astrak.agency\/#organization\",\"name\":\"Astrak\",\"alternateName\":\"Astrak Agency\",\"url\":\"https:\/\/astrak.agency\/\",\"logo\":{\"@type\":\"ImageObject\",\"inLanguage\":\"en-US\",\"@id\":\"https:\/\/astrak.agency\/#\/schema\/logo\/image\/\",\"url\":\"https:\/\/astrak.agency\/wp-content\/uploads\/2025\/05\/Logo_Noir.png\",\"contentUrl\":\"https:\/\/astrak.agency\/wp-content\/uploads\/2025\/05\/Logo_Noir.png\",\"width\":1357,\"height\":246,\"caption\":\"Astrak\"},\"image\":{\"@id\":\"https:\/\/astrak.agency\/#\/schema\/logo\/image\/\"},\"sameAs\":[\"https:\/\/www.instagram.com\/astrakagency\/\",\"https:\/\/www.linkedin.com\/company\/astrak-legoax\/\"]}]}<\/script>\n<!-- \/ Yoast SEO plugin. -->","yoast_head_json":{"title":"Nos Outils SEO - Astrak","robots":{"index":"index","follow":"follow","max-snippet":"max-snippet:-1","max-image-preview":"max-image-preview:large","max-video-preview":"max-video-preview:-1"},"canonical":"https:\/\/astrak.agency\/en\/nos-outils-seo\/","og_locale":"en_US","og_type":"article","og_title":"Nos Outils SEO - Astrak","og_description":"La toolbox Astrak. Test\u00e9e, approuv\u00e9e, offerte. On a d\u00e9velopp\u00e9 des outils SEO pour notre usage interne. Des trucs pratiques qui nous simplifient la vie au quotidien : audits automatis\u00e9s, tableaux de bord sur mesure, assistants IA pour les t\u00e2ches r\u00e9p\u00e9titives. On a d\u00e9cid\u00e9 de les partager. Tout ce qu&rsquo;on utilise au quotidien est maintenant accessible ... Read more","og_url":"https:\/\/astrak.agency\/en\/nos-outils-seo\/","og_site_name":"Astrak","article_modified_time":"2026-04-01T18:26:34+00:00","og_image":[{"width":1357,"height":246,"url":"https:\/\/astrak.agency\/wp-content\/uploads\/2025\/05\/Logo_Noir.png","type":"image\/png"}],"twitter_card":"summary_large_image","twitter_misc":{"Est. reading time":"1 minute"},"schema":{"@context":"https:\/\/schema.org","@graph":[{"@type":"WebPage","@id":"https:\/\/astrak.agency\/nos-outils-seo\/","url":"https:\/\/astrak.agency\/nos-outils-seo\/","name":"Nos Outils SEO - Astrak","isPartOf":{"@id":"https:\/\/astrak.agency\/#website"},"datePublished":"2025-06-30T08:00:42+00:00","dateModified":"2026-04-01T18:26:34+00:00","breadcrumb":{"@id":"https:\/\/astrak.agency\/nos-outils-seo\/#breadcrumb"},"inLanguage":"en-US","potentialAction":[{"@type":"ReadAction","target":["https:\/\/astrak.agency\/nos-outils-seo\/"]}]},{"@type":"BreadcrumbList","@id":"https:\/\/astrak.agency\/nos-outils-seo\/#breadcrumb","itemListElement":[{"@type":"ListItem","position":1,"name":"Agence SEO","item":"https:\/\/astrak.agency\/"},{"@type":"ListItem","position":2,"name":"Nos Outils SEO"}]},{"@type":"WebSite","@id":"https:\/\/astrak.agency\/#website","url":"https:\/\/astrak.agency\/","name":"Astrak","description":"We will accelerate your SEO","publisher":{"@id":"https:\/\/astrak.agency\/#organization"},"alternateName":"Astrak SEO","potentialAction":[{"@type":"SearchAction","target":{"@type":"EntryPoint","urlTemplate":"https:\/\/astrak.agency\/?s={search_term_string}"},"query-input":{"@type":"PropertyValueSpecification","valueRequired":true,"valueName":"search_term_string"}}],"inLanguage":"en-US"},{"@type":"Organization","@id":"https:\/\/astrak.agency\/#organization","name":"Astrak","alternateName":"Astrak Agency","url":"https:\/\/astrak.agency\/","logo":{"@type":"ImageObject","inLanguage":"en-US","@id":"https:\/\/astrak.agency\/#\/schema\/logo\/image\/","url":"https:\/\/astrak.agency\/wp-content\/uploads\/2025\/05\/Logo_Noir.png","contentUrl":"https:\/\/astrak.agency\/wp-content\/uploads\/2025\/05\/Logo_Noir.png","width":1357,"height":246,"caption":"Astrak"},"image":{"@id":"https:\/\/astrak.agency\/#\/schema\/logo\/image\/"},"sameAs":["https:\/\/www.instagram.com\/astrakagency\/","https:\/\/www.linkedin.com\/company\/astrak-legoax\/"]}]}},"_links":{"self":[{"href":"https:\/\/astrak.agency\/en\/wp-json\/wp\/v2\/pages\/44246","targetHints":{"allow":["GET"]}}],"collection":[{"href":"https:\/\/astrak.agency\/en\/wp-json\/wp\/v2\/pages"}],"about":[{"href":"https:\/\/astrak.agency\/en\/wp-json\/wp\/v2\/types\/page"}],"author":[{"embeddable":true,"href":"https:\/\/astrak.agency\/en\/wp-json\/wp\/v2\/users\/5"}],"replies":[{"embeddable":true,"href":"https:\/\/astrak.agency\/en\/wp-json\/wp\/v2\/comments?post=44246"}],"version-history":[{"count":12,"href":"https:\/\/astrak.agency\/en\/wp-json\/wp\/v2\/pages\/44246\/revisions"}],"predecessor-version":[{"id":47135,"href":"https:\/\/astrak.agency\/en\/wp-json\/wp\/v2\/pages\/44246\/revisions\/47135"}],"wp:attachment":[{"href":"https:\/\/astrak.agency\/en\/wp-json\/wp\/v2\/media?parent=44246"}],"curies":[{"name":"wp","href":"https:\/\/api.w.org\/{rel}","templated":true}]}}